{"id":109,"date":"2014-03-23T17:58:12","date_gmt":"2014-03-23T21:58:12","guid":{"rendered":"http:\/\/pjg-male.com\/wordpress\/?page_id=109"},"modified":"2018-01-07T19:06:03","modified_gmt":"2018-01-08T00:06:03","slug":"publications","status":"publish","type":"page","link":"http:\/\/pjg-male.com\/wordpress\/publications\/","title":{"rendered":"Publications"},"content":{"rendered":"<p>I have published 24 peer-reviewed articles of which 12 have an impact factor greater than 3. My articles<br \/>\nhave been cited 600 times and my h-index is 12 (<a href=\"http:\/\/scholar.google.com\/citations?user=2aMqSQwAAAAJ&amp;hl=en&amp;oi=ao\" target=\"_blank\" rel=\"noopener\">Google Scholar<\/a>).<\/p>\n<p>&nbsp;<\/p>\n<blockquote>\n<h3>Publication List<\/h3>\n<\/blockquote>\n<p>All publications are available in full version on <a href=\"http:\/\/www.researchgate.net\/profile\/Pierre-Jean_Male\/\" target=\"blank\">ResearchGate<\/a>.<\/p>\n<p>&nbsp;<\/p>\n<ol reversed=\"\">\n<li><strong>Mal\u00e9 P-JG<\/strong>, Turner KM, Doha M, Anreiter I, Allen AM, Sokolowski MB &amp; Frederickson ME (2017) An ant\u2013plant mutualism through the lens of cGMP-dependent kinase genes. <em>Proceedings B<\/em> 284:20170896 &#8211; <a href=\"http:\/\/rspb.royalsocietypublishing.org\/content\/284\/1862\/20170896\" rel=\"noopener\" target=\"_blank\">link <\/a><\/li>\n<li>Orivel J, <strong>Mal\u00e9 P-JG<\/strong>, Lauth J, Roux O, Petitclerc F, Dejean A &amp; Leroy C (2017) Trade-offs in mutualistic investments in a tripartite symbiosis. <em>Proceedings B<\/em> 284:20161679 &#8211; <a href=\"http:\/\/rspb.royalsocietypublishing.org\/content\/284\/1850\/20161679\" rel=\"noopener\" target=\"_blank\">link <\/a><\/li>\n<li>Bourgeois YXC, Delahaie B, Gautier M, Lhuillier E, <strong>Mal\u00e9 P-JG<\/strong>, Bertrand JAM, Cornuault J, Wakamatsu K, Bouchez O, Mould C, Bruxaux J, Holota H, Mil\u00e1 B &amp; Th\u00e9baud C (2017) A novel locus on chromosome 1 underlies the evolution of a melanic plumage polymorphism in a wild songbird. <em>Royal Society Open Science<\/em> 4:160805 &#8211; <a href=\"http:\/\/rsos.royalsocietypublishing.org\/content\/4\/2\/160805\" rel=\"noopener\" target=\"_blank\">link <\/a><\/li>\n<li><strong>Mal\u00e9 P-JG<\/strong>, Leroy C, Humblot P, Dejean A, Quilichini A &amp; Orivel J (2016) Limited gene dispersal and spatial genetic structure as stabilizing factors in an ant-plant mutualism. <em>Journal of Evolutionary Biology<\/em> 29:2519-2529 &#8211; <a href=\"http:\/\/onlinelibrary.wiley.com\/doi\/10.1111\/jeb.12980\/full\" rel=\"noopener\" target=\"_blank\">link <\/a><\/li>\n<li>Bardon L, Sothers CA, Prance GT, <strong>Mal\u00e9 P-JG<\/strong>, Xi Z, Davis CC, Murienne J, Garc\u00eda-Villacorta R, Coissac E, Lavergne S &amp; Chave J (2016) Unraveling the biogeographical history of Chrysobalanaceae from plastid genomes. <em>American Journal of Botany<\/em> 103:1089-1102 &#8211; <a href=\"http:\/\/www.amjbot.org\/content\/103\/6\/1089.short\" rel=\"noopener\" target=\"_blank\">link <\/a><\/li>\n<li><strong>Mal\u00e9 P-JG<\/strong>, Leroy C, Lusignan L, Petitclerc F, Quilichini A &amp; Orivel J (2015) The reproductive biology of the myrmecophyte, <em>Hirtella physophora<\/em>, and the limitation of negative interactions between pollinators and ants. <em>Arthropod-Plant Interactions<\/em> 9:23-31 &#8211; <a href=\"http:\/\/link.springer.com\/article\/10.1007\/s11829-014-9352-x\" rel=\"noopener\" target=\"_blank\">link <\/a><\/li>\n<li>Besnard G, Christin P-A, <strong>Mal\u00e9 P-JG<\/strong>, Lhuillier E, Lauzeral C, Coissac E &amp; Vorontsova M (2014) From museums to genomics: old herbarium specimen sheds light on a C<sub>3<\/sub> to C<sub>4<\/sub> transition. <em>Journal of Experimental Botany<\/em> 65:6711-6721 &#8211; <a href=\"http:\/\/academic.oup.com\/jxb\/article-abstract\/65\/22\/6711\/2885123\" rel=\"noopener\" target=\"_blank\">link <\/a><\/li>\n<li><strong>Mal\u00e9 P-JG<\/strong>, Bardon L, Besnard G, Coissac E, Delsuc F, Engel J, Lhuillier E, Scotti-Saintagne C, Tinaut A &amp; Chave J (2014) Genome skimming by shotgun sequencing helps resolve the phylogeny of a pantropical tree family. <em>Molecular Ecology Resources<\/em> 14:966-975 &#8211; <a href=\"http:\/\/onlinelibrary.wiley.com\/doi\/10.1111\/1755-0998.12246\/full\" rel=\"noopener\" target=\"_blank\">link <\/a><\/li>\n<li><strong>Mal\u00e9 P-JG<\/strong>, Ferdy JB, Leroy C, Roux O, Lauth J, Avilez A, Dejean A, Qulichini A &amp; Orivel J (2014) Retaliation in response to castration promotes a low level of virulence in an ant-plant mutualism. <em>Evolutionary Biology<\/em> 41:22-28 &#8211; <a href=\"http:\/\/link.springer.com\/article\/10.1007\/s11692-013-9242-7\" rel=\"noopener\" target=\"_blank\">link <\/a><\/li>\n<li>Besnard G, Christin P-A, <strong>Mal\u00e9 P-JG<\/strong>, Coissac E, Ralimanna H &amp; Vorontsova M (2013) Phylogenomic and taxonomical surveys of Lecomtelleae (Poaceae), an isolated, early diverging panicoid tribe from Madagascar. <em>Annals of Botany<\/em> 112:1057-1066 &#8211; <a href=\"http:\/\/academic.oup.com\/aob\/article\/112\/6\/1057\/2768930\" rel=\"noopener\" target=\"_blank\">link <\/a><\/li>\n<li>Dejean A, Orivel J, Rossi V, <strong>Mal\u00e9 P-JG<\/strong>, Roux O, C\u00e9r\u00e9ghino R &amp; Leroy C (2013) Predation success by a plant-ant indirectly favors the growth and fitness of its host myrmecophyte. <em>PLoS one<\/em> 8:e59405 &#8211; <a href=\"http:\/\/journals.plos.org\/plosone\/article?id=10.1371\/journal.pone.0059405\" rel=\"noopener\" target=\"_blank\">link <\/a><\/li>\n<li>Lauth J, <strong>Mal\u00e9 P-JG<\/strong>, Voglmayr H, Mayer VE, Dejean A &amp; Orivel J (2013) Isolation and characterization of polymorphic microsatellite loci in the ant-associated fungus <i>Trimmatostroma <\/i>sp. (Ascomycota: Chaetothyriales) using pyrosequencing technology. <em>Molecular Ecology Resources<\/em> 13:546-549<\/li>\n<li><strong>Mal\u00e9 P-JG<\/strong>, Martin J-F, Galan M, Deffontaine V, Bryja J, Cosson J-F, Michaux J &amp; Charbonnel N (2012) Discongruence of Mhc and cytochrome b phylogeographical patterns in <i>Myodes glareolus<\/i> (Rodentia : Cricetidae). <em>Biological Journal of the Linnean Society<\/em> 105:881-899 &#8211; <a href=\"http:\/\/academic.oup.com\/biolinnean\/article-abstract\/105\/4\/881\/2452390\" rel=\"noopener\" target=\"_blank\">link <\/a><\/li>\n<li>Debout G, Lhuillier E, <strong>Mal\u00e9 P-JG<\/strong>, Pujol B &amp; Th\u00e9baud C (2012) Development and characterization of 24 polymorphic microsatellite loci in two <i>Antirrhinum majus<\/i> subspecies (Plantaginaceae) using pyrosequencing technology<i>. <\/i><em>Conservation Genetics Resources<\/em> 4:75-79 &#8211; <a href=\"http:\/\/link.springer.com\/article\/10.1007\/s12686-011-9478-4\" rel=\"noopener\" target=\"_blank\">link <\/a> <span style=\"color: #888888;\">*all the authors equally contributed to the production of this publication.<\/span><\/li>\n<li><strong>Mal\u00e9 P-JG<\/strong>, Leroy C, Dejean A, Quilichini A &amp; Orivel J (2012) An ant symbiont directly and indirectly limits its host plant\u2019s reproductive success. <em>Evolutionary Ecology<\/em> 26:55-63 &#8211; <a href=\"http:\/\/link.springer.com\/article\/10.1007\/s10682-011-9485-7\" rel=\"noopener\" target=\"_blank\">link <\/a><\/li>\n<li>Malausa T, Gilles A, Megl\u00e9cz E, Blanquart H, Duthoy S, Costedoat C, Dubut V, Pech N, Castagnone-Sereno P, D\u00e9lye C, Feau N, Frey P, Gauthier P, Guillemaud T, Hazard L, Le Corre V, Lung-Escarmant B, <strong>Mal\u00e9 P-JG<\/strong>, Ferreira S &amp; Martin J-F (2011) High throughput microsatellites isolation with 454 GS-FLX Titanium pyrosequencing. <em>Molecular Ecology Resources<\/em> 11:638-644 &#8211; <a href=\"http:\/\/onlinelibrary.wiley.com\/doi\/10.1111\/j.1755-0998.2011.02992.x\/full\" rel=\"noopener\" target=\"_blank\">link <\/a><\/li>\n<li>Ruiz-Gonz\u00e1lez MX, <strong>Mal\u00e9 P-JG<\/strong>, Leroy C, Dejean A, Gryta H, Jargeat P, Quilichini A &amp; Orivel J (2011) Specific, non-nutritional association between an Ascomycete fungus and Allomerus plant-ants. <em>Biology Letters<\/em> 7:475-479 &#8211; <a href=\"http:\/\/rsbl.royalsocietypublishing.org\/content\/7\/3\/475.short\" rel=\"noopener\" target=\"_blank\">link <\/a><\/li>\n<li>Mariano CSF, da Silva Santos I, Groc S, Leroy C, <strong>Mal\u00e9 P-JG<\/strong>, Ruiz-Gonzalez MX, Dejean A &amp; Delabie JHC (2011) The karyotypes of Gigantiops destructor (Fabricius) and other ants from French Guiana (Formicidae). <em>Annales de la Soci\u00e9t\u00e9 Entomologique de France<\/em> 47:140-146 &#8211; <a href=\"http:\/\/www.tandfonline.com\/doi\/abs\/10.1080\/00379271.2011.10697705\" rel=\"noopener\" target=\"_blank\">link <\/a><\/li>\n<li><strong>Mal\u00e9 P-JG<\/strong>, Malausa T, Martin JF, Orivel J &amp; Qulichini A (2011) Isolation and characterization of polymorphic microsatellite loci in the ant-plant Hirtella physophora (Chrysobalanaceae) using pyrosequencing technology. <em>Molecular Ecology Resources<\/em> 10:1106-1108<\/li>\n<li>Orivel J, Lambs L<b>, <\/b><strong>Mal\u00e9 P-JG<\/strong>, Leroy C, Grangier J, Otto T, Quilichini A &amp; Dejean A (2011) Dynamics of the association between a long-lived understory myrmecophyte and its specific associated ants. <em>Oecologia<\/em> 165:369-376 &#8211; <a href=\"https:\/\/link.springer.com\/article\/10.1007\/s00442-010-1739-5\" rel=\"noopener\" target=\"_blank\">link <\/a><\/li>\n<li>Guivier E, Galan M, <strong>Mal\u00e9 P-JG<\/strong>, Kallio E, Voutilainen L, Henttonen H, Olsson G, Lundkvist A, Tersago K, Augot D, Cosson JF &amp; Charbonnel N (2010) Associations between Major Histocompatibility Complex genes and PUUV infection in <i>Myodes glareolus<\/i> are detected in wild populations but not from experimental infection data. <em>Journal of General Virology<\/em> 91:2507-2512 &#8211; <a href=\"http:\/\/jgv.microbiologyresearch.org\/content\/journal\/jgv\/10.1099\/vir.0.021600-0\" rel=\"noopener\" target=\"_blank\">link <\/a><\/li>\n<li><strong>Mal\u00e9 P-JG<\/strong>, Loiseau A, Estoup A, Quilichini A &amp; Orivel J (2010) Characterization of polymorphic microsatellite loci in the neotropical plant-ant <i>Allomerus decemarticulatus<\/i> (Formicidae: Myrmicinae) and multiplexing with other microsatellites from the ant subfamily Myrmicinae. <em>European Journal of Entomology<\/em> 107:673-675<\/li>\n<li>Grangier J, Dejean A, <strong>Mal\u00e9 P-JG<\/strong>, Solano PJ &amp; Orivel J (2009) Mechanisms driving the specificity of a myrmecophyte-ant association. <em>Biological Journal of the Linnean Society<\/em> 97:90-97 &#8211; <a href=\"http:\/\/academic.oup.com\/biolinnean\/article\/97\/1\/90\/2447973\" rel=\"noopener\" target=\"_blank\">link <\/a><\/li>\n<li>Grangier J, Dejean A, <strong>Mal\u00e9 P-JG<\/strong> &amp; Orivel J (2008) Indirect defense in a highly specific ant-plant mutualism. <em>Naturwissenschaften<\/em> 95:909-916 &#8211; <a href=\"http:\/\/link.springer.com\/article\/10.1007\/s00114-008-0398-4\" rel=\"noopener\" target=\"_blank\">link <\/a><\/li>\n<\/ol>\n","protected":false},"excerpt":{"rendered":"<p>I have published 24 peer-reviewed articles of which 12 have an impact factor greater than 3. My articles have been cited 600 times and my h-index is 12 (Google Scholar). &nbsp; Publication List All publications are available in full version on ResearchGate. &nbsp; Mal\u00e9 P-JG, Turner KM, Doha M, Anreiter<\/p>\n","protected":false},"author":1,"featured_media":0,"parent":0,"menu_order":0,"comment_status":"closed","ping_status":"closed","template":"template-fullwidth.php","meta":[],"_links":{"self":[{"href":"http:\/\/pjg-male.com\/wordpress\/wp-json\/wp\/v2\/pages\/109"}],"collection":[{"href":"http:\/\/pjg-male.com\/wordpress\/wp-json\/wp\/v2\/pages"}],"about":[{"href":"http:\/\/pjg-male.com\/wordpress\/wp-json\/wp\/v2\/types\/page"}],"author":[{"embeddable":true,"href":"http:\/\/pjg-male.com\/wordpress\/wp-json\/wp\/v2\/users\/1"}],"replies":[{"embeddable":true,"href":"http:\/\/pjg-male.com\/wordpress\/wp-json\/wp\/v2\/comments?post=109"}],"version-history":[{"count":34,"href":"http:\/\/pjg-male.com\/wordpress\/wp-json\/wp\/v2\/pages\/109\/revisions"}],"predecessor-version":[{"id":430,"href":"http:\/\/pjg-male.com\/wordpress\/wp-json\/wp\/v2\/pages\/109\/revisions\/430"}],"wp:attachment":[{"href":"http:\/\/pjg-male.com\/wordpress\/wp-json\/wp\/v2\/media?parent=109"}],"curies":[{"name":"wp","href":"https:\/\/api.w.org\/{rel}","templated":true}]}}