{"id":126,"date":"2014-03-23T18:14:55","date_gmt":"2014-03-23T22:14:55","guid":{"rendered":"http:\/\/pjg-male.com\/wordpress\/?page_id=126"},"modified":"2018-01-07T19:47:11","modified_gmt":"2018-01-08T00:47:11","slug":"symposia","status":"publish","type":"page","link":"http:\/\/pjg-male.com\/wordpress\/symposia\/","title":{"rendered":"Symposia"},"content":{"rendered":"<blockquote>\n<h3>Conference Talks<\/h3>\n<\/blockquote>\n<ol reversed=\"\">\n&nbsp;<\/p>\n<li><strong>Mal\u00e9 P-JG<\/strong>, Turner KM, Doha M, Anreiter I, Allen AM, Sokolowski MB, Frederickson ME (2017) An ant-plant mutualism through the lens of cGMP-dependent kinase genes. <em>Animal Behavior Society<\/em>, Toronto (ON), Canada<\/li>\n<li><strong>Mal\u00e9 P-JG<\/strong> (2014) Evolutionary stability of mutualisms and control mechanisms: insights from ant-plant relationships. <em>Atwood Colloquium in Ecology and Evolution<\/em>, Toronto (ON), Canada<\/li>\n<li><strong>Mal\u00e9 P-JG<\/strong> (2012) Construire des pedigrees dans sa cuisine : retour d\u2019exp\u00e9rience. <i>Annual meeting of the French Research Network \u201cQuantitative Genetics\u201d<\/i>, Toulouse, France<\/li>\n<li>Lauth J, Leroy C, <strong>Mal\u00e9 P-JG<\/strong>, Petitclerc F, Dejean A, Orivel J (2012) Development of non-food agriculture in ants through the vertical transmission of a fungal symbiont. <i>International Symbiosis Society Congress<\/i>, Krak\u00f3w, Poland<\/li>\n<li>Lauth J, <strong>Mal\u00e9 P-JG<\/strong>, Leroy C, Roux O, Dejean A, Orivel J (2012) A mutualistic community of ants, plant and fungi: how a third partner affects plant biotic protection by ants. <i>Joint Meeting of ATBC &amp; Society for Tropical Ecology<\/i>, Bonito, Brazil<\/li>\n<li><strong>Mal\u00e9 P-JG<\/strong>, Leroy C, Dejean A, Quilichini A, Orivel J (2011) Le r\u00f4le du mode de transmission d\u2019une association dans la r\u00e9solution des conflits entre partenaires : le cas d\u2019une relation plante-fourmis. <i>Biology and Population Genetics Symposium \u201cLe Petit Pois D\u00e9rid\u00e9\u201d<\/i>, Toulouse, France<\/li>\n<li><strong>Mal\u00e9 P-JG<\/strong>, Leroy C, Dejean A, Quilichini A, Orivel J (2011) The importance of sanctions and transmission mode in conflicts resolution: insights from an ant-plant mutualism. <i>ESEB 13th Congress<\/i>, T\u00fcbingen, Germany<\/li>\n<li><strong>Mal\u00e9 P-JG<\/strong>, Leroy C, Dejean A, Quilichini A, Orivel J (2010) The importance of sanctions and transmission mode in conflicts resolution: insights from an ant-plant mutualism. <i>Final Conference of the EUROCORES programme<\/i>, Budapest, Hungary<\/li>\n<li><strong>Mal\u00e9 P-JG<\/strong>, Leroy C, Dejean A, Quilichini A, Orivel J (2010) Evolutionary conflicts and sanctions between a neotropical ant and its host plant. <i>IUSSI 2010<\/i>, Copenhagen, Denmark<\/li>\n<li><strong>Mal\u00e9 P-JG<\/strong>, Leroy C, Dejean A, Quilichini A, Orivel J (2010) Evolutionary conflicts and sanctions between a neotropical ant and its host plant. <i>Evolution 2010<\/i>, Portland (OR), USA<\/li>\n<li><strong>Mal\u00e9 P-JG<\/strong>, Gibert A, Casquet J (2009) D\u00e9mythification des savoirs : les enjeux de la vulgarisation d\u00e8s l&#8217;universit\u00e9. <i>French Ecological Society Day<\/i>, Paris, France<\/li>\n<li><strong>Mal\u00e9 P-JG<\/strong>, Leroy C, Decombeix I, Hornoy B, Orivel J, Quilichini A (2009) Caract\u00e9risation et r\u00e9solution de conflits \u00e9volutifs entre mutualistes obligatoires : Exemple d&#8217;une relation myrm\u00e9cophyte. <i>SEVAB Graduate School Day<\/i>, Castanet Tolosan, France<\/li>\n<li>Leroy C, <strong>Mal\u00e9 P-JG<\/strong>, Quilichini A, Ruiz-Gonzalez MX, Dejean A &amp; Orivel J (2009) Ecology and maintenance of a novel tripartite mutualistic association. <i>Joint Meeting of ATBC &amp; Society for Tropical Ecology<\/i>, Marburg, Germany<\/li>\n<li><strong>Mal\u00e9 P-JG<\/strong>, Leroy C, Decombeix I, Hornoy B, Orivel J, Quilichini A (2009) Syst\u00e8me de reproduction et structuration g\u00e9n\u00e9tique des populations de la plante myrm\u00e9cophyte <i>Hirtella physophora<\/i>. <i>Biology and Population Genetics Symposium \u201cLe Petit Pois D\u00e9rid\u00e9\u201d<\/i>, Grenoble, France<\/li>\n<li>Charbonnel N, Galan M, Bryja J, Deter J, <strong>Mal\u00e9 P-J<\/strong>, Guivier E, Chaval Y, Deffontaine V, Michaux J, Moran S, Cosson JF (2008) Immunogenetics and hantaviruses: From genes to the assessment of emergence risk. <i>Leibniz-Institute for Zoo and Wildlife Research Congress<\/i>, Berlin, Germany<\/li>\n<li>Charbonnel N, Galan M, Bryja J, Deter J, <strong>Mal\u00e9 P-J<\/strong>, Guivier E, Chaval Y, Deffontaine V, Michaux J, Moran S, Cosson JF (2008) Immunogenetics and hantaviruses: From genes to the assessment of emergence risk. <i>EDEN Project annual meeting<\/i>, Brno, Czech Republic<\/li>\n<li>Orivel J, Lambs L, Grangier J, Leroy C, Otto T, <strong>Mal\u00e9 P-J<\/strong> &amp; Dejean A (2008) Dynamics of the association between a long-lived understory myrmecophyte and its specific associated ants. <i>4th European Meeting of IUSSI<\/i>, La Roche en Ardenne, Belgium<\/li>\n<li>Grangier J, Dejean A, <strong>Mal\u00e9 P-J<\/strong>, Orivel J (2007) La d\u00e9fense biotique des myrm\u00e9cophytes est-elle toujours optimale ? <i>French Meeting of IUSSI<\/i>, Toulouse, France<\/li>\n<li><strong>Mal\u00e9 P-JG<\/strong>, Charbonnel N (2007) Histoire phylog\u00e9ographique et S\u00e9lection balance : quelle origine pour le polymorphisme des g\u00e8nes du CMH chez le campagnol rouss\u00e2tre ? <i>Biology and Population Genetics Symposium \u201cLe Petit Pois D\u00e9rid\u00e9\u201d<\/i>, Poitiers, France<\/li>\n<\/ol>\n<blockquote>\n<h3>Posters<\/h3>\n<\/blockquote>\n<ol reversed=\"\">\n&nbsp;<\/p>\n<li><strong>Mal\u00e9 P-JG<\/strong>, Turner K, Anreiter I, Allen A, Doha M, Sokolowski M, Frederickson M (2016) How to be an effective ant bodyguard? A candidate gene approach. <i>Evolution 2016<\/i>, Austin (TX), USA<\/li>\n<li><strong>Mal\u00e9 P-JG<\/strong>, Bardon L, Besnard G, Coissac E, Delsuc F, Engel J, Scotti-Saintagne C, Tinaut A, Chave J (2013) Genome skimming by shotgun sequencing helps resolve the phylogenetic tree of a pantropical tree family. <i>ESEB 14th Congress<\/i>, Lisbon, Portugal<\/li>\n<li><strong>Mal\u00e9 P-JG<\/strong>, Chave J (2012) Using Next-Gen Sequencing  to resolve the phylogeny of a tropical tree family. <i>Evolution 2012<\/i>, Ottawa (ON), Canada<\/li>\n<li>Quilichini A, Leroy C, <strong>Mal\u00e9 P-JG<\/strong> (2009) Floral biology and pollination of Hirtella physophora (Chrysobalanaceae) in French Guiana. <i>International conference \u201cKnowledge-based management of tropical rainforests\u201d<\/i>, Cayenne, French Gyuiana<\/li>\n<li><strong>Mal\u00e9 P-JG<\/strong>, Leroy C, Orivel J, Quilichini A (2009) Evolutionary conflicts between a neotropical ant and its host-plant. <i>ESEB 12th Congress<\/i>, Torino, Italy<\/li>\n<\/ol>\n<blockquote>\n<h3>Invited seminars<\/h3>\n<\/blockquote>\n<h4>2017<\/h4>\n<p>Max Planck Institute for Chemical Ecology (Germany)<br \/>\nEric Cosio&#8217;s group, Pontificia Universidad Cat\u00f3lica del Per\u00fa (Peru)<\/p>\n<h4>2014<\/h4>\n<p>Marla Sokolowski&#8217;s group, University of Toronto (Canada)<\/p>\n<h4>2013<\/h4>\n<p>Megan Frederickson\u2019s group, University of Toronto (Canada)<br \/>\nNaomi Pierce\u2019s group, University of Harvard (USA)<br \/>\nChristoph Vorburger\u2019s group, University of Zurich (Switzerland)<br \/>\nDieter Ebert\u2019s group, University of Basel (Switzerland)<br \/>\nMolecular Biology and Microbiology Commission, Evolutionary &amp; Biological Diversity, Toulouse (France)<\/p>\n","protected":false},"excerpt":{"rendered":"<p>Conference Talks &nbsp; Mal\u00e9 P-JG, Turner KM, Doha M, Anreiter I, Allen AM, Sokolowski MB, Frederickson ME (2017) An ant-plant mutualism through the lens of cGMP-dependent kinase genes. Animal Behavior Society, Toronto (ON), Canada Mal\u00e9 P-JG (2014) Evolutionary stability of mutualisms and control mechanisms: insights from ant-plant relationships. Atwood Colloquium<\/p>\n","protected":false},"author":1,"featured_media":0,"parent":0,"menu_order":0,"comment_status":"closed","ping_status":"closed","template":"template-fullwidth.php","meta":[],"_links":{"self":[{"href":"http:\/\/pjg-male.com\/wordpress\/wp-json\/wp\/v2\/pages\/126"}],"collection":[{"href":"http:\/\/pjg-male.com\/wordpress\/wp-json\/wp\/v2\/pages"}],"about":[{"href":"http:\/\/pjg-male.com\/wordpress\/wp-json\/wp\/v2\/types\/page"}],"author":[{"embeddable":true,"href":"http:\/\/pjg-male.com\/wordpress\/wp-json\/wp\/v2\/users\/1"}],"replies":[{"embeddable":true,"href":"http:\/\/pjg-male.com\/wordpress\/wp-json\/wp\/v2\/comments?post=126"}],"version-history":[{"count":13,"href":"http:\/\/pjg-male.com\/wordpress\/wp-json\/wp\/v2\/pages\/126\/revisions"}],"predecessor-version":[{"id":432,"href":"http:\/\/pjg-male.com\/wordpress\/wp-json\/wp\/v2\/pages\/126\/revisions\/432"}],"wp:attachment":[{"href":"http:\/\/pjg-male.com\/wordpress\/wp-json\/wp\/v2\/media?parent=126"}],"curies":[{"name":"wp","href":"https:\/\/api.w.org\/{rel}","templated":true}]}}